{"id":213,"date":"2021-08-30T11:30:44","date_gmt":"2021-08-30T09:30:44","guid":{"rendered":"\/\/www.physio-legden.de\/?page_id=213"},"modified":"2024-01-31T11:00:03","modified_gmt":"2024-01-31T10:00:03","slug":"physiotherapie","status":"publish","type":"page","link":"https:\/\/www.physio-legden.de\/index.php\/physiotherapie\/","title":{"rendered":"Physiotherapie"},"content":{"rendered":"\n<p class=\"has-large-font-size\"><\/p>\n\n\n<div id=\"gutenslider-2q66lv9b0\" class=\"wp-block-eedee-block-gutenslider gs-frontend content-change alignfull arrow-style-1 arrow-position-sides arrow-mb-none arrows-lg arrows-md arrows-sm dot-style-1 dots-lg dots-md dots-sm dot-position-bottom is-position-center-center mb-none wrap-auto-height\" data-parallax-direction=\"down\" data-parallax-amount=\"1.3\" data-lg-transition=\"lg-slide\" data-hash=\"\" ><div class=\"eedee-swiper-outer\" style=\"--gutenslider-min-height: 800px;--gutenslider-arrow-size: 30px;--gutenslider-dot-size: 25px;--gutenslider-arrow-color: #ffffff;--gutenslider-dot-color: #ffffff;--gutenslider-padding-y-mobile: 40px;--gutenslider-padding-x-mobile: 40px;--gutenslider-padding-y-tablet: 40px;--gutenslider-padding-x-tablet: 40px;--gutenslider-padding-y-desktop: 40px;--gutenslider-padding-x-desktop: 40px;--gutenslider-bg-image: url();--gutenslider-min-height-md: 50vh;--gutenslider-min-height-sm: 50vh;--gutenslider-padding-x: 40px;--gutenslider-padding-x-md: 40px;--gutenslider-padding-x-sm: 20px;--gutenslider-padding-y: 40px;--gutenslider-padding-y-md: 40px;--gutenslider-padding-y-sm: 20px;--gutenslider-arrow-size-md: 30px;--gutenslider-arrow-size-sm: 30px;--gutenslider-dot-size-md: 25px;--gutenslider-dot-size-sm: 25px;--gutenslider-arrow-bg-color: transparent;--gutenslider-arrow-hover-color: #eeeeee;--gutenslider-arrow-bg-hover-color: transparent;--gutenslider-arrow-x-offset: 10px;--gutenslider-arrow-x-offset-md: 10px;--gutenslider-arrow-x-offset-sm: 10px;--gutenslider-arrow-y-offset: 0px;--gutenslider-arrow-y-offset-md: 0px;--gutenslider-arrow-y-offset-sm: 0px;--gutenslider-arrow-x-spacing: 0px;--gutenslider-dot-y-offset: 10px;--gutenslider-dot-y-offset-md: 10px;--gutenslider-dot-y-offset-sm: 10px;--gutenslider-margin-x: 0px;--gutenslider-margin-x-md: 0px;--gutenslider-margin-x-sm: 0px;--gutenslider-margin-y: 0px;--gutenslider-margin-y-md: 0px;--gutenslider-margin-y-sm: 0px;--gutenslider-divider-top: 60px;--gutenslider-divider-bottom: 60px;--gutenslider-lightgallery-bg: #ffffff;--gutenslider-lightgallery-font: #000000;--gs-first-pos: 50% 50%;--gs-gap-vertical: var( --wp--style--gallery-gap-default, var( --gallery-block--gutter-size, var( --wp--style--block-gap, 0.5em ) ) );--gs-gap-horizontal: var( --wp--style--gallery-gap-default, var( --gallery-block--gutter-size, var( --wp--style--block-gap, 0.5em ) ) );\"><div class=\"gutenslider-divider-top\" style=\"color:#fff;\"><\/div><div class=\"swiper\" data-settings='{\"autoplay\":{\"delay\":3000,\"pauseOnMouseEnter\":true,\"disableOnInteraction\":false},\"speed\":700,\"direction\":\"horizontal\",\"autoHeight\":\"\",\"loop\":true,\"centeredSlides\":true,\"spaceBetween\":0,\"slidesPerView\":1,\"slidesPerGroup\":1,\"effect\":\"slide\",\"coverflowEffect\":{\"rotate\":30,\"slideShadows\":false,\"depth\":100,\"stretch\":50,\"modifier\":1},\"fadeEffect\":{\"crossFade\":true},\"zoom\":\"\",\"navigation\":{\"nextEl\":\"#gutenslider-2q66lv9b0 .eedee-gutenslider-next\",\"prevEl\":\"#gutenslider-2q66lv9b0 .eedee-gutenslider-prev\"},\"pagination\":{\"type\":\"bullets\",\"clickable\":true,\"dynamicBullets\":false,\"el\":\"#gutenslider-2q66lv9b0 .eedee-gutenslider-pagination\"},\"pauseOnHover\":\"1\",\"watchSlidesProgress\":true,\"watchSlidesVisibility\":true,\"settingsMd\":{\"autoHeight\":\"\",\"slidesPerView\":1,\"slidesPerGroup\":1,\"spaceBetween\":0,\"loop\":true},\"settingsLg\":{\"autoHeight\":\"\",\"slidesPerView\":1,\"slidesPerGroup\":1,\"spaceBetween\":0,\"loop\":true},\"hasLg\":false,\"hasLgCounter\":true,\"isFullScreen\":false,\"arrowsFollowMouse\":false,\"lgTitle\":\"none\",\"lgCaption\":\"none\",\"lgThumbnails\":true,\"lgZoomEnabled\":false,\"keyboard\":{\"keyboard\":{\"enabled\":true,\"onlyInViewport\":true}},\"hashNavigation\":false,\"dividers\":false}'><div class=\"swiper-wrapper\">\n<div class=\"swiper-slide wp-block-eedee-block-gutenslide is-position-center-center ed-bg-image\" style=\"--ed-vw:300;--ed-vh:200;\" data-hash=\"\"><div class=\"eedee-background-div bg-image\"><img loading=\"lazy\" width=\"1024\" height=\"683\" class=\"wp-image-849\" src=\"https:\/\/www.physio-legden.de\/wp-content\/uploads\/2024\/01\/physio-teuber-schiermann-050-1024x683.jpg\" alt=\"\" decoding=\"async\" style=\"object-fit: cover; object-position: 50% 50%;\"  data-title=\"physio-teuber-schiermann-050\" srcset=\"https:\/\/www.physio-legden.de\/wp-content\/uploads\/2024\/01\/physio-teuber-schiermann-050-1024x683.jpg 1024w, https:\/\/www.physio-legden.de\/wp-content\/uploads\/2024\/01\/physio-teuber-schiermann-050-300x200.jpg 300w, https:\/\/www.physio-legden.de\/wp-content\/uploads\/2024\/01\/physio-teuber-schiermann-050-768x512.jpg 768w, https:\/\/www.physio-legden.de\/wp-content\/uploads\/2024\/01\/physio-teuber-schiermann-050-50x33.jpg 50w, https:\/\/www.physio-legden.de\/wp-content\/uploads\/2024\/01\/physio-teuber-schiermann-050-1600x1066.jpg 1600w, https:\/\/www.physio-legden.de\/wp-content\/uploads\/2024\/01\/physio-teuber-schiermann-050-1536x1024.jpg 1536w, https:\/\/www.physio-legden.de\/wp-content\/uploads\/2024\/01\/physio-teuber-schiermann-050.jpg 2048w\" sizes=\"auto, (max-width: 1024px) 100vw, 1024px\" \/><div class=\"eedee-background-div__overlay\" style=\"opacity:1;\"><\/div><\/div><div class=\"slide-content\">\n\n<p class=\"has-text-align-center gutenslider-content-initial has-larger-font-size\"><\/p>\n\n<\/div><\/div>\n\n<div class=\"swiper-slide wp-block-eedee-block-gutenslide is-position-center-center ed-bg-image\" style=\"--ed-vw:300;--ed-vh:200;\" data-hash=\"\"><div class=\"eedee-background-div bg-image\"><img loading=\"lazy\" width=\"1024\" height=\"682\" class=\"wp-image-614\" src=\"https:\/\/www.physio-legden.de\/wp-content\/uploads\/2022\/01\/physio-praxis-teuber-schiermann-trainingstherapie-03-1024x682.jpeg\" alt=\"\" decoding=\"async\" style=\"object-fit: cover; object-position: 50% 50%;\"  data-title=\"physio-praxis-teuber-schiermann-trainingstherapie-03\" srcset=\"https:\/\/www.physio-legden.de\/wp-content\/uploads\/2022\/01\/physio-praxis-teuber-schiermann-trainingstherapie-03-1024x682.jpeg 1024w, https:\/\/www.physio-legden.de\/wp-content\/uploads\/2022\/01\/physio-praxis-teuber-schiermann-trainingstherapie-03-300x200.jpeg 300w, https:\/\/www.physio-legden.de\/wp-content\/uploads\/2022\/01\/physio-praxis-teuber-schiermann-trainingstherapie-03-768x512.jpeg 768w, https:\/\/www.physio-legden.de\/wp-content\/uploads\/2022\/01\/physio-praxis-teuber-schiermann-trainingstherapie-03.jpeg 1280w\" sizes=\"auto, (max-width: 1024px) 100vw, 1024px\" \/><div class=\"eedee-background-div__overlay\" style=\"opacity:1;\"><\/div><\/div><div class=\"slide-content\">\n\n<p class=\"has-text-align-center gutenslider-content-initial has-larger-font-size\"><\/p>\n\n<\/div><\/div>\n\n<div class=\"swiper-slide wp-block-eedee-block-gutenslide is-position-center-center ed-bg-image\" style=\"--ed-vw:300;--ed-vh:200;\" data-hash=\"\"><div class=\"eedee-background-div bg-image\"><img loading=\"lazy\" width=\"1024\" height=\"682\" class=\"wp-image-615\" src=\"https:\/\/www.physio-legden.de\/wp-content\/uploads\/2022\/01\/physio-praxis-teuber-schiermann-trainingstherapie-04-1024x682.jpeg\" alt=\"\" decoding=\"async\" style=\"object-fit: cover; object-position: 50% 50%;\"  data-title=\"physio-praxis-teuber-schiermann-trainingstherapie-04\" srcset=\"https:\/\/www.physio-legden.de\/wp-content\/uploads\/2022\/01\/physio-praxis-teuber-schiermann-trainingstherapie-04-1024x682.jpeg 1024w, https:\/\/www.physio-legden.de\/wp-content\/uploads\/2022\/01\/physio-praxis-teuber-schiermann-trainingstherapie-04-300x200.jpeg 300w, https:\/\/www.physio-legden.de\/wp-content\/uploads\/2022\/01\/physio-praxis-teuber-schiermann-trainingstherapie-04-768x512.jpeg 768w, https:\/\/www.physio-legden.de\/wp-content\/uploads\/2022\/01\/physio-praxis-teuber-schiermann-trainingstherapie-04.jpeg 1280w\" sizes=\"auto, (max-width: 1024px) 100vw, 1024px\" \/><div class=\"eedee-background-div__overlay\" style=\"opacity:1;\"><\/div><\/div><div class=\"slide-content\">\n\n<p class=\"has-text-align-center gutenslider-content-initial has-larger-font-size\"><\/p>\n\n<\/div><\/div>\n<\/div><\/div><button class=\"eedee-gutenslider-nav eedee-gutenslider-prev\"><svg xmlns=\"http:\/\/www.w3.org\/2000\/svg\" viewBox=\"0 0 24 24\" width=\"24\" height=\"24\"><circle class=\"bg\" cx=\"13\" cy=\"12\" r=\"11\" \/><path fill=\"none\" d=\"M0 0h24v24H0z\"\/><path class=\"arrow\" d=\"M10.828 12l4.95 4.95-1.414 1.414L8 12l6.364-6.364 1.414 1.414z\"\/><\/svg><\/button><button class=\"eedee-gutenslider-nav eedee-gutenslider-next\"><svg xmlns=\"http:\/\/www.w3.org\/2000\/svg\" viewBox=\"0 0 24 24\" width=\"24\" height=\"24\"><circle class=\"bg\" cx=\"11\" cy=\"12\" r=\"11\" \/><path fill=\"none\" d=\"M0 0h24v24H0z\"\/><path class=\"arrow\" d=\"M13.172 12l-4.95-4.95 1.414-1.414L16 12l-6.364 6.364-1.414-1.414z\"\/><\/svg><\/button><div class=\"eedee-gutenslider-pagination\"><\/div><div class=\"gutenslider-divider-bottom \" style=\"color:#fff;\"><\/div><\/div><\/div>\n\n\n<figure class=\"wp-block-image alignfull size-large\"><img loading=\"lazy\" decoding=\"async\" width=\"1024\" height=\"192\" src=\"https:\/\/www.physio-legden.de\/wp-content\/uploads\/2022\/01\/physio-praxis-teuber-schiermann-theresa-von-avila-1024x192.jpg\" alt=\"\" class=\"wp-image-702\" srcset=\"https:\/\/www.physio-legden.de\/wp-content\/uploads\/2022\/01\/physio-praxis-teuber-schiermann-theresa-von-avila-1024x192.jpg 1024w, https:\/\/www.physio-legden.de\/wp-content\/uploads\/2022\/01\/physio-praxis-teuber-schiermann-theresa-von-avila-300x56.jpg 300w, https:\/\/www.physio-legden.de\/wp-content\/uploads\/2022\/01\/physio-praxis-teuber-schiermann-theresa-von-avila-768x144.jpg 768w, https:\/\/www.physio-legden.de\/wp-content\/uploads\/2022\/01\/physio-praxis-teuber-schiermann-theresa-von-avila-1600x301.jpg 1600w, https:\/\/www.physio-legden.de\/wp-content\/uploads\/2022\/01\/physio-praxis-teuber-schiermann-theresa-von-avila-1536x289.jpg 1536w, https:\/\/www.physio-legden.de\/wp-content\/uploads\/2022\/01\/physio-praxis-teuber-schiermann-theresa-von-avila-2048x385.jpg 2048w\" sizes=\"auto, (max-width: 1024px) 100vw, 1024px\" \/><\/figure>\n\n\n\n<div class=\"inherit-container-width wp-block-group alignfull has-white-background-color has-background is-layout-constrained wp-block-group-is-layout-constrained\"><div class=\"wp-block-group__inner-container\">\n<h2 class=\"wp-block-heading has-text-align-center\" id=\"physiotherapie\">Physiotherapie<\/h2>\n\n\n\n<hr class=\"wp-block-separator has-text-color has-css-opacity has-background aligncenter\" style=\"background-color:#bccf00;color:#bccf00\"\/>\n\n\n\n<p><\/p>\n\n\n\n<p>Es kann sein, dass ein Arzt Sie zu uns schickt. Es ist aber auch m\u00f6glich, dass Sie selbst das Gef\u00fchl haben, Ihrem K\u00f6rper etwas Gutes tun zu wollen. In beiden F\u00e4llen stehen wir Ihnen mit einer individuellen Beratung und Behandlung zur Seite.<\/p>\n\n\n\n<p>Das Feld der Behandlungsm\u00f6glichkeiten ist gro\u00df. Wir nehmen uns die Zeit, genau die richtige Therapie f\u00fcr Sie anzuwenden. Mit all unserer Erfahrung und unserem K\u00f6nnen m\u00f6chten wir erreichen, dass es Ihnen wieder gut geht.<\/p>\n\n\n\n<p><strong>Ein kurzer \u00dcberblick, \u00fcber die Therapiem\u00f6glichkeiten, die wir anbieten:<\/strong><\/p>\n\n\n\n<ul class=\"wp-block-list\">\n<li>allgemeine Krankengymnastik<\/li>\n\n\n\n<li>Manuelle Therapie<\/li>\n\n\n\n<li>Krankengymnastik auf neurophysiologischer Basis nach Bobath und PNF<\/li>\n\n\n\n<li>Manuelle Lymphdrainage<\/li>\n\n\n\n<li>KG Ger\u00e4t<\/li>\n\n\n\n<li>CMD (Cranio mandibul\u00e4re Dysfunktion)<\/li>\n\n\n\n<li>Cranio Sacrale Therapie<\/li>\n\n\n\n<li><a href=\"https:\/\/www.physio-legden.de\/index.php\/saeuglings-und-kindertherapie\/\" target=\"_blank\" rel=\"noreferrer noopener\" title=\"S\u00e4uglings-und Kindertherapie\">S\u00e4uglings- und Kinderbehandlungen nach Bobath<\/a><\/li>\n\n\n\n<li>Massagen und W\u00e4rmetherapie<\/li>\n\n\n\n<li>sektorale Heilpraktiker Leistungen<\/li>\n\n\n\n<li>Elektrotherapie<\/li>\n\n\n\n<li>Palliativ Care<\/li>\n\n\n\n<li>Sportphysiotherapie<\/li>\n\n\n\n<li>Betriebliche Gesundheitsf\u00f6rderung<\/li>\n\n\n\n<li>Tapeverb\u00e4nde<\/li>\n\n\n\n<li>Dorn Breu\u00df Methode<\/li>\n\n\n\n<li>Paraffinbad<\/li>\n\n\n\n<li>Kneipp Therapie<\/li>\n\n\n\n<li>Galileo Training<\/li>\n\n\n\n<li>R\u00fcckbildungsgymnastik<\/li>\n\n\n\n<li>Beckenbodentraining<\/li>\n\n\n\n<li>Schulungen <\/li>\n<\/ul>\n\n\n\n<p><\/p>\n\n\n\n<p><\/p>\n<\/div><\/div>\n\n\n\t\t\t<div \n\t\t\tclass=\"wp-block-uagb-google-map uagb-google-map__wrap uagb-block-ba3f72dd     alignfull\"\n\t\t\tstyle=\"\" >\n\t\t\t\t<embed\n\t\t\t\t\tclass=\"uagb-google-map__iframe\"\n\t\t\t\t\ttitle=\"Google Map for \"\n\t\t\t\t\tsrc=\"https:\/\/maps.google.com\/maps?q=Asbecker%20Stra%C3%9Fe%201%2048739%20Legden&#038;z=12&#038;hl=de&#038;t=m&#038;output=embed&#038;iwloc=near\"\n\t\t\t\t\twidth=\"640\"\n\t\t\t\t\theight=\"300\"\n\t\t\t\t\tloading=\"lazy\"\n\t\t\t\t><\/embed>\n\t\t\t<\/div>\n\t\t\t","protected":false},"excerpt":{"rendered":"<p>Physiotherapie Es kann sein, dass ein Arzt Sie zu uns schickt. Es ist aber auch m\u00f6glich, dass Sie selbst das Gef\u00fchl haben, Ihrem K\u00f6rper etwas Gutes tun zu wollen. In beiden F\u00e4llen stehen wir Ihnen mit einer individuellen Beratung und Behandlung zur Seite. Das Feld der Behandlungsm\u00f6glichkeiten ist gro\u00df. Wir nehmen uns die Zeit, genau [&hellip;]<\/p>\n","protected":false},"author":1,"featured_media":0,"parent":0,"menu_order":0,"comment_status":"closed","ping_status":"closed","template":"","meta":{"_uag_custom_page_level_css":"","site-sidebar-layout":"no-sidebar","site-content-layout":"plain-container","ast-site-content-layout":"normal-width-container","site-content-style":"unboxed","site-sidebar-style":"unboxed","ast-global-header-display":"","ast-banner-title-visibility":"","ast-main-header-display":"","ast-hfb-above-header-display":"","ast-hfb-below-header-display":"","ast-hfb-mobile-header-display":"","site-post-title":"disabled","ast-breadcrumbs-content":"","ast-featured-img":"","footer-sml-layout":"","ast-disable-related-posts":"","theme-transparent-header-meta":"enabled","adv-header-id-meta":"","stick-header-meta":"","header-above-stick-meta":"","header-main-stick-meta":"","header-below-stick-meta":"","astra-migrate-meta-layouts":"set","ast-page-background-enabled":"default","ast-page-background-meta":{"desktop":{"background-color":"","background-image":"","background-repeat":"repeat","background-position":"center center","background-size":"auto","background-attachment":"scroll","background-type":"","background-media":"","overlay-type":"","overlay-color":"","overlay-opacity":"","overlay-gradient":""},"tablet":{"background-color":"","background-image":"","background-repeat":"repeat","background-position":"center center","background-size":"auto","background-attachment":"scroll","background-type":"","background-media":"","overlay-type":"","overlay-color":"","overlay-opacity":"","overlay-gradient":""},"mobile":{"background-color":"","background-image":"","background-repeat":"repeat","background-position":"center center","background-size":"auto","background-attachment":"scroll","background-type":"","background-media":"","overlay-type":"","overlay-color":"","overlay-opacity":"","overlay-gradient":""}},"ast-content-background-meta":{"desktop":{"background-color":"var(--ast-global-color-5)","background-image":"","background-repeat":"repeat","background-position":"center center","background-size":"auto","background-attachment":"scroll","background-type":"","background-media":"","overlay-type":"","overlay-color":"","overlay-opacity":"","overlay-gradient":""},"tablet":{"background-color":"var(--ast-global-color-5)","background-image":"","background-repeat":"repeat","background-position":"center center","background-size":"auto","background-attachment":"scroll","background-type":"","background-media":"","overlay-type":"","overlay-color":"","overlay-opacity":"","overlay-gradient":""},"mobile":{"background-color":"var(--ast-global-color-5)","background-image":"","background-repeat":"repeat","background-position":"center center","background-size":"auto","background-attachment":"scroll","background-type":"","background-media":"","overlay-type":"","overlay-color":"","overlay-opacity":"","overlay-gradient":""}},"footnotes":""},"class_list":["post-213","page","type-page","status-publish","hentry"],"aioseo_notices":[],"uagb_featured_image_src":{"full":false,"thumbnail":false,"medium":false,"medium_large":false,"large":false,"gs-tiny":false,"xl":false,"xxl":false,"xxxl":false,"xxxxl":false,"xxxxxl":false,"1536x1536":false,"2048x2048":false},"uagb_author_info":{"display_name":"Physio-Legden","author_link":"https:\/\/www.physio-legden.de\/index.php\/author\/danny\/"},"uagb_comment_info":0,"uagb_excerpt":"Physiotherapie Es kann sein, dass ein Arzt Sie zu uns schickt. Es ist aber auch m\u00f6glich, dass Sie selbst das Gef\u00fchl haben, Ihrem K\u00f6rper etwas Gutes tun zu wollen. In beiden F\u00e4llen stehen wir Ihnen mit einer individuellen Beratung und Behandlung zur Seite. Das Feld der Behandlungsm\u00f6glichkeiten ist gro\u00df. Wir nehmen uns die Zeit, genau&hellip;","_links":{"self":[{"href":"https:\/\/www.physio-legden.de\/index.php\/wp-json\/wp\/v2\/pages\/213","targetHints":{"allow":["GET"]}}],"collection":[{"href":"https:\/\/www.physio-legden.de\/index.php\/wp-json\/wp\/v2\/pages"}],"about":[{"href":"https:\/\/www.physio-legden.de\/index.php\/wp-json\/wp\/v2\/types\/page"}],"author":[{"embeddable":true,"href":"https:\/\/www.physio-legden.de\/index.php\/wp-json\/wp\/v2\/users\/1"}],"replies":[{"embeddable":true,"href":"https:\/\/www.physio-legden.de\/index.php\/wp-json\/wp\/v2\/comments?post=213"}],"version-history":[{"count":37,"href":"https:\/\/www.physio-legden.de\/index.php\/wp-json\/wp\/v2\/pages\/213\/revisions"}],"predecessor-version":[{"id":890,"href":"https:\/\/www.physio-legden.de\/index.php\/wp-json\/wp\/v2\/pages\/213\/revisions\/890"}],"wp:attachment":[{"href":"https:\/\/www.physio-legden.de\/index.php\/wp-json\/wp\/v2\/media?parent=213"}],"curies":[{"name":"wp","href":"https:\/\/api.w.org\/{rel}","templated":true}]}}