{"id":209,"date":"2021-08-30T11:19:48","date_gmt":"2021-08-30T09:19:48","guid":{"rendered":"\/\/www.physio-legden.de\/?page_id=209"},"modified":"2024-01-31T10:58:35","modified_gmt":"2024-01-31T09:58:35","slug":"kontakt","status":"publish","type":"page","link":"https:\/\/www.physio-legden.de\/index.php\/kontakt\/","title":{"rendered":"Kontakt"},"content":{"rendered":"\n<p class=\"has-large-font-size\"><\/p>\n\n\n<div id=\"gutenslider-xki6sdwx0\" class=\"wp-block-eedee-block-gutenslider gs-frontend content-change alignfull arrow-style-1 arrow-position-sides arrow-mb-none arrows-lg arrows-md arrows-sm dot-style-1 dots-lg dots-md dots-sm dot-position-bottom is-position-center-center mb-none wrap-auto-height\" data-parallax-direction=\"down\" data-parallax-amount=\"1.3\" data-lg-transition=\"lg-slide\" data-hash=\"\" ><div class=\"eedee-swiper-outer\" style=\"--gutenslider-min-height: 800px;--gutenslider-arrow-size: 30px;--gutenslider-dot-size: 25px;--gutenslider-arrow-color: #ffffff;--gutenslider-dot-color: #ffffff;--gutenslider-padding-y-mobile: 40px;--gutenslider-padding-x-mobile: 40px;--gutenslider-padding-y-tablet: 40px;--gutenslider-padding-x-tablet: 40px;--gutenslider-padding-y-desktop: 40px;--gutenslider-padding-x-desktop: 40px;--gutenslider-bg-image: url();--gutenslider-min-height-md: 50vh;--gutenslider-min-height-sm: 50vh;--gutenslider-padding-x: 40px;--gutenslider-padding-x-md: 40px;--gutenslider-padding-x-sm: 20px;--gutenslider-padding-y: 40px;--gutenslider-padding-y-md: 40px;--gutenslider-padding-y-sm: 20px;--gutenslider-arrow-size-md: 30px;--gutenslider-arrow-size-sm: 30px;--gutenslider-dot-size-md: 25px;--gutenslider-dot-size-sm: 25px;--gutenslider-arrow-bg-color: transparent;--gutenslider-arrow-hover-color: #eeeeee;--gutenslider-arrow-bg-hover-color: transparent;--gutenslider-arrow-x-offset: 10px;--gutenslider-arrow-x-offset-md: 10px;--gutenslider-arrow-x-offset-sm: 10px;--gutenslider-arrow-y-offset: 0px;--gutenslider-arrow-y-offset-md: 0px;--gutenslider-arrow-y-offset-sm: 0px;--gutenslider-arrow-x-spacing: 0px;--gutenslider-dot-y-offset: 10px;--gutenslider-dot-y-offset-md: 10px;--gutenslider-dot-y-offset-sm: 10px;--gutenslider-margin-x: 0px;--gutenslider-margin-x-md: 0px;--gutenslider-margin-x-sm: 0px;--gutenslider-margin-y: 0px;--gutenslider-margin-y-md: 0px;--gutenslider-margin-y-sm: 0px;--gutenslider-divider-top: 60px;--gutenslider-divider-bottom: 60px;--gutenslider-lightgallery-bg: #ffffff;--gutenslider-lightgallery-font: #000000;--gs-first-pos: 50% 50%;--gs-gap-vertical: var( --wp--style--gallery-gap-default, var( --gallery-block--gutter-size, var( --wp--style--block-gap, 0.5em ) ) );--gs-gap-horizontal: var( --wp--style--gallery-gap-default, var( --gallery-block--gutter-size, var( --wp--style--block-gap, 0.5em ) ) );\"><div class=\"gutenslider-divider-top\" style=\"color:#fff;\"><\/div><div class=\"swiper\" data-settings='{\"autoplay\":{\"delay\":3000,\"pauseOnMouseEnter\":true,\"disableOnInteraction\":false},\"speed\":700,\"direction\":\"horizontal\",\"autoHeight\":\"\",\"loop\":true,\"centeredSlides\":true,\"spaceBetween\":0,\"slidesPerView\":1,\"slidesPerGroup\":1,\"effect\":\"slide\",\"coverflowEffect\":{\"rotate\":30,\"slideShadows\":false,\"depth\":100,\"stretch\":50,\"modifier\":1},\"fadeEffect\":{\"crossFade\":true},\"zoom\":\"\",\"navigation\":{\"nextEl\":\"#gutenslider-xki6sdwx0 .eedee-gutenslider-next\",\"prevEl\":\"#gutenslider-xki6sdwx0 .eedee-gutenslider-prev\"},\"pagination\":{\"type\":\"bullets\",\"clickable\":true,\"dynamicBullets\":false,\"el\":\"#gutenslider-xki6sdwx0 .eedee-gutenslider-pagination\"},\"pauseOnHover\":\"1\",\"watchSlidesProgress\":true,\"watchSlidesVisibility\":true,\"settingsMd\":{\"autoHeight\":\"\",\"slidesPerView\":1,\"slidesPerGroup\":1,\"spaceBetween\":0,\"loop\":true},\"settingsLg\":{\"autoHeight\":\"\",\"slidesPerView\":1,\"slidesPerGroup\":1,\"spaceBetween\":0,\"loop\":true},\"hasLg\":false,\"hasLgCounter\":true,\"isFullScreen\":false,\"arrowsFollowMouse\":false,\"lgTitle\":\"none\",\"lgCaption\":\"none\",\"lgThumbnails\":true,\"lgZoomEnabled\":false,\"keyboard\":{\"keyboard\":{\"enabled\":true,\"onlyInViewport\":true}},\"hashNavigation\":false,\"dividers\":false}'><div class=\"swiper-wrapper\">\n<div class=\"swiper-slide wp-block-eedee-block-gutenslide is-position-center-center ed-bg-image\" style=\"--ed-vw:300;--ed-vh:200;\" data-hash=\"\"><div class=\"eedee-background-div bg-image\"><img loading=\"lazy\" width=\"1024\" height=\"683\" class=\"wp-image-850\" src=\"https:\/\/www.physio-legden.de\/wp-content\/uploads\/2024\/01\/physio-teuber-schiermann-065-1024x683.jpg\" alt=\"\" decoding=\"async\" style=\"object-fit: cover; object-position: 50% 50%;\"  data-title=\"physio-teuber-schiermann-065\" srcset=\"https:\/\/www.physio-legden.de\/wp-content\/uploads\/2024\/01\/physio-teuber-schiermann-065-1024x683.jpg 1024w, https:\/\/www.physio-legden.de\/wp-content\/uploads\/2024\/01\/physio-teuber-schiermann-065-300x200.jpg 300w, https:\/\/www.physio-legden.de\/wp-content\/uploads\/2024\/01\/physio-teuber-schiermann-065-768x512.jpg 768w, https:\/\/www.physio-legden.de\/wp-content\/uploads\/2024\/01\/physio-teuber-schiermann-065-50x33.jpg 50w, https:\/\/www.physio-legden.de\/wp-content\/uploads\/2024\/01\/physio-teuber-schiermann-065-1600x1066.jpg 1600w, https:\/\/www.physio-legden.de\/wp-content\/uploads\/2024\/01\/physio-teuber-schiermann-065-1536x1024.jpg 1536w, https:\/\/www.physio-legden.de\/wp-content\/uploads\/2024\/01\/physio-teuber-schiermann-065.jpg 2048w\" sizes=\"auto, (max-width: 1024px) 100vw, 1024px\" \/><div class=\"eedee-background-div__overlay\" style=\"opacity:1;\"><\/div><\/div><div class=\"slide-content\">\n\n<p class=\"has-text-align-center gutenslider-content-initial has-larger-font-size\"><\/p>\n\n<\/div><\/div>\n\n<div class=\"swiper-slide wp-block-eedee-block-gutenslide is-position-center-center ed-bg-image\" style=\"--ed-vw:300;--ed-vh:200;\" data-hash=\"\"><div class=\"eedee-background-div bg-image\"><img loading=\"lazy\" width=\"1024\" height=\"683\" class=\"wp-image-844\" src=\"https:\/\/www.physio-legden.de\/wp-content\/uploads\/2024\/01\/physio-teuber-schiermann-017-1024x683.jpg\" alt=\"\" decoding=\"async\" style=\"object-fit: cover; object-position: 51% 72%;\"  data-title=\"physio-teuber-schiermann-017\" srcset=\"https:\/\/www.physio-legden.de\/wp-content\/uploads\/2024\/01\/physio-teuber-schiermann-017-1024x683.jpg 1024w, https:\/\/www.physio-legden.de\/wp-content\/uploads\/2024\/01\/physio-teuber-schiermann-017-300x200.jpg 300w, https:\/\/www.physio-legden.de\/wp-content\/uploads\/2024\/01\/physio-teuber-schiermann-017-768x512.jpg 768w, https:\/\/www.physio-legden.de\/wp-content\/uploads\/2024\/01\/physio-teuber-schiermann-017-50x33.jpg 50w, https:\/\/www.physio-legden.de\/wp-content\/uploads\/2024\/01\/physio-teuber-schiermann-017-1600x1066.jpg 1600w, https:\/\/www.physio-legden.de\/wp-content\/uploads\/2024\/01\/physio-teuber-schiermann-017-1536x1024.jpg 1536w, https:\/\/www.physio-legden.de\/wp-content\/uploads\/2024\/01\/physio-teuber-schiermann-017.jpg 2048w\" sizes=\"auto, (max-width: 1024px) 100vw, 1024px\" \/><div class=\"eedee-background-div__overlay\" style=\"opacity:1;\"><\/div><\/div><div class=\"slide-content\">\n\n<p class=\"has-text-align-center gutenslider-content-initial has-larger-font-size\"><\/p>\n\n<\/div><\/div>\n\n<div class=\"swiper-slide wp-block-eedee-block-gutenslide is-position-center-center ed-bg-image\" style=\"--ed-vw:300;--ed-vh:200;\" data-hash=\"\"><div class=\"eedee-background-div bg-image\"><img loading=\"lazy\" width=\"1024\" height=\"683\" class=\"wp-image-866\" src=\"https:\/\/www.physio-legden.de\/wp-content\/uploads\/2024\/01\/physio-teuber-schiermann-010-1024x683.jpg\" alt=\"\" decoding=\"async\" style=\"object-fit: cover; object-position: 51% 45%;\"  data-title=\"physio-teuber-schiermann-010\" srcset=\"https:\/\/www.physio-legden.de\/wp-content\/uploads\/2024\/01\/physio-teuber-schiermann-010-1024x683.jpg 1024w, https:\/\/www.physio-legden.de\/wp-content\/uploads\/2024\/01\/physio-teuber-schiermann-010-300x200.jpg 300w, https:\/\/www.physio-legden.de\/wp-content\/uploads\/2024\/01\/physio-teuber-schiermann-010-768x512.jpg 768w, https:\/\/www.physio-legden.de\/wp-content\/uploads\/2024\/01\/physio-teuber-schiermann-010-50x33.jpg 50w, https:\/\/www.physio-legden.de\/wp-content\/uploads\/2024\/01\/physio-teuber-schiermann-010-1600x1066.jpg 1600w, https:\/\/www.physio-legden.de\/wp-content\/uploads\/2024\/01\/physio-teuber-schiermann-010-1536x1024.jpg 1536w, https:\/\/www.physio-legden.de\/wp-content\/uploads\/2024\/01\/physio-teuber-schiermann-010.jpg 2048w\" sizes=\"auto, (max-width: 1024px) 100vw, 1024px\" \/><div class=\"eedee-background-div__overlay\" style=\"opacity:1;\"><\/div><\/div><div class=\"slide-content\">\n\n<p class=\"has-text-align-center gutenslider-content-initial has-larger-font-size\"><\/p>\n\n<\/div><\/div>\n<\/div><\/div><button class=\"eedee-gutenslider-nav eedee-gutenslider-prev\"><svg xmlns=\"http:\/\/www.w3.org\/2000\/svg\" viewBox=\"0 0 24 24\" width=\"24\" height=\"24\"><circle class=\"bg\" cx=\"13\" cy=\"12\" r=\"11\" \/><path fill=\"none\" d=\"M0 0h24v24H0z\"\/><path class=\"arrow\" d=\"M10.828 12l4.95 4.95-1.414 1.414L8 12l6.364-6.364 1.414 1.414z\"\/><\/svg><\/button><button class=\"eedee-gutenslider-nav eedee-gutenslider-next\"><svg xmlns=\"http:\/\/www.w3.org\/2000\/svg\" viewBox=\"0 0 24 24\" width=\"24\" height=\"24\"><circle class=\"bg\" cx=\"11\" cy=\"12\" r=\"11\" \/><path fill=\"none\" d=\"M0 0h24v24H0z\"\/><path class=\"arrow\" d=\"M13.172 12l-4.95-4.95 1.414-1.414L16 12l-6.364 6.364-1.414-1.414z\"\/><\/svg><\/button><div class=\"eedee-gutenslider-pagination\"><\/div><div class=\"gutenslider-divider-bottom \" style=\"color:#fff;\"><\/div><\/div><\/div>\n\n\n<div class=\"inherit-container-width wp-block-group alignfull has-white-background-color has-background is-layout-constrained wp-block-group-is-layout-constrained\"><div class=\"wp-block-group__inner-container\">\n<h2 class=\"wp-block-heading has-text-align-center\" id=\"kontakt\">Kontakt<\/h2>\n\n\n\n<hr class=\"wp-block-separator has-text-color has-css-opacity has-background aligncenter\" style=\"background-color:#bccf00;color:#bccf00\"\/>\n\n\n\n<p>Vielen Dank f\u00fcr Ihr Interesse!<\/p>\n\n\n\n<p>Gerne k\u00f6nnen Sie uns eine E-Mail an <a href=\"mailto:info@physio-legden.de\" title=\"info@physio-legden.de\">info@physio-legden.de<\/a> schreiben. Sie erhalten von uns schnellstm\u00f6glich eine Antwort.<\/p>\n\n\n\n<p><\/p>\n\n\n\n<div style=\"height:277px\" aria-hidden=\"true\" class=\"wp-block-spacer\"><\/div>\n<\/div><\/div>\n\n\n\t\t\t<div \n\t\t\tclass=\"wp-block-uagb-google-map uagb-google-map__wrap uagb-block-56a3a2d5     alignfull\"\n\t\t\tstyle=\"\" >\n\t\t\t\t<embed\n\t\t\t\t\tclass=\"uagb-google-map__iframe\"\n\t\t\t\t\ttitle=\"Google Map for \"\n\t\t\t\t\tsrc=\"https:\/\/maps.google.com\/maps?q=Asbecker%20Stra%C3%9Fe%201%2048739%20Legden&#038;z=12&#038;hl=de&#038;t=m&#038;output=embed&#038;iwloc=near\"\n\t\t\t\t\twidth=\"640\"\n\t\t\t\t\theight=\"300\"\n\t\t\t\t\tloading=\"lazy\"\n\t\t\t\t><\/embed>\n\t\t\t<\/div>\n\t\t\t","protected":false},"excerpt":{"rendered":"<p>Kontakt Vielen Dank f\u00fcr Ihr Interesse! Gerne k\u00f6nnen Sie uns eine E-Mail an info@physio-legden.de schreiben. Sie erhalten von uns schnellstm\u00f6glich eine Antwort.<\/p>\n","protected":false},"author":1,"featured_media":0,"parent":0,"menu_order":0,"comment_status":"closed","ping_status":"closed","template":"","meta":{"_uag_custom_page_level_css":"","site-sidebar-layout":"no-sidebar","site-content-layout":"plain-container","ast-site-content-layout":"normal-width-container","site-content-style":"unboxed","site-sidebar-style":"unboxed","ast-global-header-display":"","ast-banner-title-visibility":"","ast-main-header-display":"","ast-hfb-above-header-display":"","ast-hfb-below-header-display":"","ast-hfb-mobile-header-display":"","site-post-title":"disabled","ast-breadcrumbs-content":"","ast-featured-img":"","footer-sml-layout":"","ast-disable-related-posts":"","theme-transparent-header-meta":"enabled","adv-header-id-meta":"","stick-header-meta":"","header-above-stick-meta":"","header-main-stick-meta":"","header-below-stick-meta":"","astra-migrate-meta-layouts":"set","ast-page-background-enabled":"default","ast-page-background-meta":{"desktop":{"background-color":"","background-image":"","background-repeat":"repeat","background-position":"center center","background-size":"auto","background-attachment":"scroll","background-type":"","background-media":"","overlay-type":"","overlay-color":"","overlay-opacity":"","overlay-gradient":""},"tablet":{"background-color":"","background-image":"","background-repeat":"repeat","background-position":"center center","background-size":"auto","background-attachment":"scroll","background-type":"","background-media":"","overlay-type":"","overlay-color":"","overlay-opacity":"","overlay-gradient":""},"mobile":{"background-color":"","background-image":"","background-repeat":"repeat","background-position":"center center","background-size":"auto","background-attachment":"scroll","background-type":"","background-media":"","overlay-type":"","overlay-color":"","overlay-opacity":"","overlay-gradient":""}},"ast-content-background-meta":{"desktop":{"background-color":"var(--ast-global-color-5)","background-image":"","background-repeat":"repeat","background-position":"center center","background-size":"auto","background-attachment":"scroll","background-type":"","background-media":"","overlay-type":"","overlay-color":"","overlay-opacity":"","overlay-gradient":""},"tablet":{"background-color":"var(--ast-global-color-5)","background-image":"","background-repeat":"repeat","background-position":"center center","background-size":"auto","background-attachment":"scroll","background-type":"","background-media":"","overlay-type":"","overlay-color":"","overlay-opacity":"","overlay-gradient":""},"mobile":{"background-color":"var(--ast-global-color-5)","background-image":"","background-repeat":"repeat","background-position":"center center","background-size":"auto","background-attachment":"scroll","background-type":"","background-media":"","overlay-type":"","overlay-color":"","overlay-opacity":"","overlay-gradient":""}},"footnotes":""},"class_list":["post-209","page","type-page","status-publish","hentry"],"aioseo_notices":[],"uagb_featured_image_src":{"full":false,"thumbnail":false,"medium":false,"medium_large":false,"large":false,"gs-tiny":false,"xl":false,"xxl":false,"xxxl":false,"xxxxl":false,"xxxxxl":false,"1536x1536":false,"2048x2048":false},"uagb_author_info":{"display_name":"Physio-Legden","author_link":"https:\/\/www.physio-legden.de\/index.php\/author\/danny\/"},"uagb_comment_info":0,"uagb_excerpt":"Kontakt Vielen Dank f\u00fcr Ihr Interesse! Gerne k\u00f6nnen Sie uns eine E-Mail an info@physio-legden.de schreiben. Sie erhalten von uns schnellstm\u00f6glich eine Antwort.","_links":{"self":[{"href":"https:\/\/www.physio-legden.de\/index.php\/wp-json\/wp\/v2\/pages\/209","targetHints":{"allow":["GET"]}}],"collection":[{"href":"https:\/\/www.physio-legden.de\/index.php\/wp-json\/wp\/v2\/pages"}],"about":[{"href":"https:\/\/www.physio-legden.de\/index.php\/wp-json\/wp\/v2\/types\/page"}],"author":[{"embeddable":true,"href":"https:\/\/www.physio-legden.de\/index.php\/wp-json\/wp\/v2\/users\/1"}],"replies":[{"embeddable":true,"href":"https:\/\/www.physio-legden.de\/index.php\/wp-json\/wp\/v2\/comments?post=209"}],"version-history":[{"count":25,"href":"https:\/\/www.physio-legden.de\/index.php\/wp-json\/wp\/v2\/pages\/209\/revisions"}],"predecessor-version":[{"id":889,"href":"https:\/\/www.physio-legden.de\/index.php\/wp-json\/wp\/v2\/pages\/209\/revisions\/889"}],"wp:attachment":[{"href":"https:\/\/www.physio-legden.de\/index.php\/wp-json\/wp\/v2\/media?parent=209"}],"curies":[{"name":"wp","href":"https:\/\/api.w.org\/{rel}","templated":true}]}}